{"id":613,"date":"2015-05-06T14:05:25","date_gmt":"2015-05-06T13:05:25","guid":{"rendered":"http:\/\/www.caves-tourbillon.fr\/pages\/?page_id=613"},"modified":"2022-06-23T09:28:54","modified_gmt":"2022-06-23T08:28:54","slug":"bieres-belgique","status":"publish","type":"page","link":"https:\/\/www.caves-tourbillon.fr\/pages\/bieres-belgique\/","title":{"rendered":"Bi\u00e8res Belgique"},"content":{"rendered":"<p>[et_pb_section fb_built=\u00a0\u00bb1&Prime; admin_label=\u00a0\u00bbContenu Accueil\u00a0\u00bb _builder_version=\u00a0\u00bb4.16&Prime; background_color=\u00a0\u00bb#9151af\u00a0\u00bb custom_padding=\u00a0\u00bb0px|0px|0px|0px\u00a0\u00bb global_colors_info=\u00a0\u00bb{}\u00a0\u00bb theme_builder_area=\u00a0\u00bbpost_content\u00a0\u00bb][et_pb_row use_custom_gutter=\u00a0\u00bbon\u00a0\u00bb gutter_width=\u00a0\u00bb0&Prime; admin_label=\u00a0\u00bbColonnes\u00a0\u00bb module_class=\u00a0\u00bb et_pb_row_fullwidth\u00a0\u00bb _builder_version=\u00a0\u00bb4.16&Prime; background_color=\u00a0\u00bb#ffffff\u00a0\u00bb background_size=\u00a0\u00bbinitial\u00a0\u00bb background_position=\u00a0\u00bbtop_left\u00a0\u00bb background_repeat=\u00a0\u00bbrepeat\u00a0\u00bb width=\u00a0\u00bb100%\u00a0\u00bb width_tablet=\u00a0\u00bb100%\u00a0\u00bb width_phone=\u00a0\u00bb\u00a0\u00bb width_last_edited=\u00a0\u00bbon|desktop\u00a0\u00bb max_width=\u00a0\u00bb100%\u00a0\u00bb max_width_tablet=\u00a0\u00bb100%\u00a0\u00bb max_width_phone=\u00a0\u00bb\u00a0\u00bb max_width_last_edited=\u00a0\u00bbon|desktop\u00a0\u00bb module_alignment=\u00a0\u00bbcenter\u00a0\u00bb custom_padding=\u00a0\u00bb0px|0px|0|0px|false|false\u00a0\u00bb make_fullwidth=\u00a0\u00bbon\u00a0\u00bb global_colors_info=\u00a0\u00bb{}\u00a0\u00bb theme_builder_area=\u00a0\u00bbpost_content\u00a0\u00bb][et_pb_column type=\u00a0\u00bb4_4&Prime; _builder_version=\u00a0\u00bb4.16&Prime; background_color=\u00a0\u00bb#ffffff\u00a0\u00bb custom_padding=\u00a0\u00bb|||\u00a0\u00bb global_colors_info=\u00a0\u00bb{}\u00a0\u00bb custom_padding__hover=\u00a0\u00bb|||\u00a0\u00bb theme_builder_area=\u00a0\u00bbpost_content\u00a0\u00bb][et_pb_text admin_label=\u00a0\u00bbTexte accuei\u00a0\u00bb _builder_version=\u00a0\u00bb4.17.4&Prime; text_font=\u00a0\u00bb||||||||\u00a0\u00bb background_size=\u00a0\u00bbinitial\u00a0\u00bb background_position=\u00a0\u00bbtop_left\u00a0\u00bb background_repeat=\u00a0\u00bbrepeat\u00a0\u00bb text_orientation=\u00a0\u00bbjustified\u00a0\u00bb custom_padding=\u00a0\u00bb30px|30px|20px|30px\u00a0\u00bb hover_enabled=\u00a0\u00bb0&Prime; global_colors_info=\u00a0\u00bb{}\u00a0\u00bb theme_builder_area=\u00a0\u00bbpost_content\u00a0\u00bb sticky_enabled=\u00a0\u00bb0&Prime;]<\/p>\n<h1>Nos Bi\u00e8res de Belgique<\/h1>\n<p>Nos bi\u00e8res Belges blondes, brunes, ambr\u00e9es et blanches<\/p>\n<p>[\/et_pb_text][et_pb_text _builder_version=\u00a0\u00bb4.17.4&Prime; text_font=\u00a0\u00bb|||||on|||\u00a0\u00bb text_font_size=\u00a0\u00bb23px\u00a0\u00bb text_orientation=\u00a0\u00bbcenter\u00a0\u00bb custom_padding=\u00a0\u00bb20px||20px\u00a0\u00bb hover_enabled=\u00a0\u00bb0&Prime; global_colors_info=\u00a0\u00bb{}\u00a0\u00bb theme_builder_area=\u00a0\u00bbpost_content\u00a0\u00bb sticky_enabled=\u00a0\u00bb0&Prime;]<\/p>\n<p>Bi\u00e8res blondes de Belgique<\/p>\n<p>[\/et_pb_text][et_pb_divider color=\u00a0\u00bb#1f081c\u00a0\u00bb divider_weight=\u00a0\u00bb1px\u00a0\u00bb _builder_version=\u00a0\u00bb4.16&Prime; max_width=\u00a0\u00bb95%\u00a0\u00bb module_alignment=\u00a0\u00bbcenter\u00a0\u00bb global_colors_info=\u00a0\u00bb{}\u00a0\u00bb theme_builder_area=\u00a0\u00bbpost_content\u00a0\u00bb][\/et_pb_divider][et_pb_shop type=\u00a0\u00bbproduct_category\u00a0\u00bb posts_number=\u00a0\u00bb100&Prime; include_categories=\u00a0\u00bb109&Prime; orderby=\u00a0\u00bbdate-desc\u00a0\u00bb icon_hover_color=\u00a0\u00bb#C71128&Prime; hover_overlay_color=\u00a0\u00bbrgba(86,86,86,0.19)\u00a0\u00bb hover_icon=\u00a0\u00bb&#x54;||divi||400&Prime; _builder_version=\u00a0\u00bb4.17.4&Prime; title_font=\u00a0\u00bb||||||||\u00a0\u00bb title_text_align=\u00a0\u00bbcenter\u00a0\u00bb title_text_color=\u00a0\u00bb#1f081c\u00a0\u00bb title_line_height=\u00a0\u00bb1.5em\u00a0\u00bb text_orientation=\u00a0\u00bbcenter\u00a0\u00bb max_width=\u00a0\u00bb95%\u00a0\u00bb module_alignment=\u00a0\u00bbcenter\u00a0\u00bb custom_padding=\u00a0\u00bb|||\u00a0\u00bb box_shadow_style_image=\u00a0\u00bbpreset3&Prime; box_shadow_color_image=\u00a0\u00bbrgba(22,3,19,0.42)\u00a0\u00bb global_colors_info=\u00a0\u00bb{}\u00a0\u00bb theme_builder_area=\u00a0\u00bbpost_content\u00a0\u00bb columns_number=\u00a0\u00bb3&Prime; title_font_size=\u00a0\u00bb14px\u00a0\u00bb border_color_all_image=\u00a0\u00bb#ffffff\u00a0\u00bb hover_enabled=\u00a0\u00bb0&Prime; sticky_enabled=\u00a0\u00bb0&Prime;][\/et_pb_shop][et_pb_text _builder_version=\u00a0\u00bb4.17.4&Prime; text_font=\u00a0\u00bb|||||on|||\u00a0\u00bb text_font_size=\u00a0\u00bb23px\u00a0\u00bb text_orientation=\u00a0\u00bbcenter\u00a0\u00bb custom_padding=\u00a0\u00bb20px||20px\u00a0\u00bb hover_enabled=\u00a0\u00bb0&Prime; global_colors_info=\u00a0\u00bb{}\u00a0\u00bb theme_builder_area=\u00a0\u00bbpost_content\u00a0\u00bb sticky_enabled=\u00a0\u00bb0&Prime;]<\/p>\n<p>Bi\u00e8res brunes de Belgique<\/p>\n<p>[\/et_pb_text][et_pb_divider color=\u00a0\u00bb#1f081c\u00a0\u00bb divider_weight=\u00a0\u00bb1px\u00a0\u00bb _builder_version=\u00a0\u00bb4.16&Prime; max_width=\u00a0\u00bb95%\u00a0\u00bb module_alignment=\u00a0\u00bbcenter\u00a0\u00bb global_colors_info=\u00a0\u00bb{}\u00a0\u00bb theme_builder_area=\u00a0\u00bbpost_content\u00a0\u00bb][\/et_pb_divider][et_pb_shop type=\u00a0\u00bbproduct_category\u00a0\u00bb posts_number=\u00a0\u00bb100&Prime; include_categories=\u00a0\u00bb117&Prime; orderby=\u00a0\u00bbdate-desc\u00a0\u00bb icon_hover_color=\u00a0\u00bb#C71128&Prime; hover_overlay_color=\u00a0\u00bbrgba(86,86,86,0.19)\u00a0\u00bb hover_icon=\u00a0\u00bb&#x54;||divi||400&Prime; _builder_version=\u00a0\u00bb4.17.4&Prime; title_font=\u00a0\u00bb||||||||\u00a0\u00bb title_text_align=\u00a0\u00bbcenter\u00a0\u00bb title_text_color=\u00a0\u00bb#1f081c\u00a0\u00bb title_line_height=\u00a0\u00bb1.5em\u00a0\u00bb text_orientation=\u00a0\u00bbcenter\u00a0\u00bb max_width=\u00a0\u00bb95%\u00a0\u00bb module_alignment=\u00a0\u00bbcenter\u00a0\u00bb custom_padding=\u00a0\u00bb|||\u00a0\u00bb box_shadow_style_image=\u00a0\u00bbpreset3&Prime; box_shadow_color_image=\u00a0\u00bbrgba(22,3,19,0.42)\u00a0\u00bb global_colors_info=\u00a0\u00bb{}\u00a0\u00bb theme_builder_area=\u00a0\u00bbpost_content\u00a0\u00bb columns_number=\u00a0\u00bb3&Prime; title_font_size=\u00a0\u00bb14px\u00a0\u00bb border_color_all_image=\u00a0\u00bb#ffffff\u00a0\u00bb hover_enabled=\u00a0\u00bb0&Prime; sticky_enabled=\u00a0\u00bb0&Prime;][\/et_pb_shop][et_pb_text _builder_version=\u00a0\u00bb4.17.4&Prime; text_font=\u00a0\u00bb|||||on|||\u00a0\u00bb text_font_size=\u00a0\u00bb23px\u00a0\u00bb text_orientation=\u00a0\u00bbcenter\u00a0\u00bb custom_padding=\u00a0\u00bb20px||20px\u00a0\u00bb hover_enabled=\u00a0\u00bb0&Prime; global_colors_info=\u00a0\u00bb{}\u00a0\u00bb theme_builder_area=\u00a0\u00bbpost_content\u00a0\u00bb sticky_enabled=\u00a0\u00bb0&Prime;]<\/p>\n<p>Bi\u00e8res ambr\u00e9es de Belgique<\/p>\n<p>[\/et_pb_text][et_pb_divider color=\u00a0\u00bb#1f081c\u00a0\u00bb divider_weight=\u00a0\u00bb1px\u00a0\u00bb _builder_version=\u00a0\u00bb4.16&Prime; max_width=\u00a0\u00bb95%\u00a0\u00bb module_alignment=\u00a0\u00bbcenter\u00a0\u00bb global_colors_info=\u00a0\u00bb{}\u00a0\u00bb theme_builder_area=\u00a0\u00bbpost_content\u00a0\u00bb][\/et_pb_divider][et_pb_shop type=\u00a0\u00bbproduct_category\u00a0\u00bb posts_number=\u00a0\u00bb100&Prime; include_categories=\u00a0\u00bb113&Prime; orderby=\u00a0\u00bbdate-desc\u00a0\u00bb icon_hover_color=\u00a0\u00bb#C71128&Prime; hover_overlay_color=\u00a0\u00bbrgba(86,86,86,0.19)\u00a0\u00bb hover_icon=\u00a0\u00bb&#x54;||divi||400&Prime; _builder_version=\u00a0\u00bb4.17.4&Prime; title_font=\u00a0\u00bb||||||||\u00a0\u00bb title_text_align=\u00a0\u00bbcenter\u00a0\u00bb title_text_color=\u00a0\u00bb#1f081c\u00a0\u00bb title_line_height=\u00a0\u00bb1.5em\u00a0\u00bb text_orientation=\u00a0\u00bbcenter\u00a0\u00bb max_width=\u00a0\u00bb95%\u00a0\u00bb module_alignment=\u00a0\u00bbcenter\u00a0\u00bb custom_padding=\u00a0\u00bb|||\u00a0\u00bb box_shadow_style_image=\u00a0\u00bbpreset3&Prime; box_shadow_color_image=\u00a0\u00bbrgba(22,3,19,0.42)\u00a0\u00bb global_colors_info=\u00a0\u00bb{}\u00a0\u00bb theme_builder_area=\u00a0\u00bbpost_content\u00a0\u00bb columns_number=\u00a0\u00bb3&Prime; title_font_size=\u00a0\u00bb14px\u00a0\u00bb border_color_all_image=\u00a0\u00bb#ffffff\u00a0\u00bb hover_enabled=\u00a0\u00bb0&Prime; sticky_enabled=\u00a0\u00bb0&Prime;][\/et_pb_shop][et_pb_text _builder_version=\u00a0\u00bb4.17.4&Prime; text_font=\u00a0\u00bb|||||on|||\u00a0\u00bb text_font_size=\u00a0\u00bb23px\u00a0\u00bb text_orientation=\u00a0\u00bbcenter\u00a0\u00bb custom_padding=\u00a0\u00bb20px||20px\u00a0\u00bb hover_enabled=\u00a0\u00bb0&Prime; global_colors_info=\u00a0\u00bb{}\u00a0\u00bb theme_builder_area=\u00a0\u00bbpost_content\u00a0\u00bb sticky_enabled=\u00a0\u00bb0&Prime;]<\/p>\n<p>Bi\u00e8res blanches de Belgique<\/p>\n<p>[\/et_pb_text][et_pb_divider color=\u00a0\u00bb#1f081c\u00a0\u00bb divider_weight=\u00a0\u00bb1px\u00a0\u00bb _builder_version=\u00a0\u00bb4.16&Prime; max_width=\u00a0\u00bb95%\u00a0\u00bb module_alignment=\u00a0\u00bbcenter\u00a0\u00bb global_colors_info=\u00a0\u00bb{}\u00a0\u00bb theme_builder_area=\u00a0\u00bbpost_content\u00a0\u00bb][\/et_pb_divider][et_pb_shop type=\u00a0\u00bbproduct_category\u00a0\u00bb posts_number=\u00a0\u00bb100&Prime; include_categories=\u00a0\u00bb123&Prime; orderby=\u00a0\u00bbdate-desc\u00a0\u00bb icon_hover_color=\u00a0\u00bb#C71128&Prime; hover_overlay_color=\u00a0\u00bbrgba(86,86,86,0.19)\u00a0\u00bb hover_icon=\u00a0\u00bb&#x54;||divi||400&Prime; disabled_on=\u00a0\u00bbon|on|on\u00a0\u00bb _builder_version=\u00a0\u00bb4.17.4&Prime; title_font=\u00a0\u00bb||||||||\u00a0\u00bb title_text_align=\u00a0\u00bbcenter\u00a0\u00bb title_text_color=\u00a0\u00bb#1f081c\u00a0\u00bb title_line_height=\u00a0\u00bb1.5em\u00a0\u00bb text_orientation=\u00a0\u00bbcenter\u00a0\u00bb max_width=\u00a0\u00bb95%\u00a0\u00bb module_alignment=\u00a0\u00bbcenter\u00a0\u00bb custom_padding=\u00a0\u00bb|||\u00a0\u00bb box_shadow_style_image=\u00a0\u00bbpreset3&Prime; box_shadow_color_image=\u00a0\u00bbrgba(22,3,19,0.42)\u00a0\u00bb disabled=\u00a0\u00bbon\u00a0\u00bb global_colors_info=\u00a0\u00bb{}\u00a0\u00bb theme_builder_area=\u00a0\u00bbpost_content\u00a0\u00bb columns_number=\u00a0\u00bb3&Prime; title_font_size=\u00a0\u00bb14px\u00a0\u00bb border_color_all_image=\u00a0\u00bb#ffffff\u00a0\u00bb hover_enabled=\u00a0\u00bb0&Prime; sticky_enabled=\u00a0\u00bb0&Prime;][\/et_pb_shop][\/et_pb_column][\/et_pb_row][\/et_pb_section]<\/p>\n","protected":false},"excerpt":{"rendered":"<p>Nos Bi\u00e8res de Belgique Nos bi\u00e8res Belges blondes, brunes, ambr\u00e9es et blanchesBi\u00e8res blondes de BelgiqueBi\u00e8res brunes de BelgiqueBi\u00e8res ambr\u00e9es de BelgiqueBi\u00e8res blanches de Belgique<\/p>\n","protected":false},"author":1,"featured_media":0,"parent":0,"menu_order":0,"comment_status":"closed","ping_status":"open","template":"","meta":{"_et_pb_use_builder":"on","_et_pb_old_content":"<p>Retrouvez une s\u00e9lection de bi\u00e8res\u00a0belges<\/p>\r\n<h3><strong><span style=\"color: #cc99ff;\">Bi\u00e8res blondes<\/span><\/strong><\/h3>\r\n<p>[product_category category=\"bieres-blondes-belgique\" per_page=\"60\" columns=\"4\" orderby=\"price\" order=\"ASC\" operator=\"IN\"]<\/p>\r\n<h3><strong><span style=\"color: #cc99ff;\">Bi\u00e8res brunes<\/span><\/strong><\/h3>\r\n<p>[product_category category=\"bieres-brunes-belgique\" per_page=\"60\" columns=\"4\" orderby=\"price\" order=\"ASC\" operator=\"IN\"]<\/p>\r\n<h3><strong><span style=\"color: #cc99ff;\">Bi\u00e8res\u00a0Ambr\u00e9es<\/span><\/strong><\/h3>\r\n<p>[product_category category=\"bieres-ambrees-belgique\" per_page=\"60\" columns=\"4\" orderby=\"price\" order=\"ASC\" operator=\"IN\"]<\/p>\r\n<h3><strong><span style=\"color: #cc99ff;\">Bi\u00e8res\u00a0blanches<\/span><\/strong><\/h3>\r\n<p>[product_category category=\"bieres-blanches-belgique\" per_page=\"60\" columns=\"4\" orderby=\"price\" order=\"ASC\" operator=\"IN\"]<\/p>","_et_gb_content_width":"","footnotes":""},"categories":[],"tags":[],"class_list":["post-613","page","type-page","status-publish","hentry"],"publishpress_future_action":{"enabled":false,"date":"2026-05-06 12:38:45","action":"change-status","newStatus":"draft","terms":[],"taxonomy":"category","extraData":[]},"publishpress_future_workflow_manual_trigger":{"enabledWorkflows":[]},"_links":{"self":[{"href":"https:\/\/www.caves-tourbillon.fr\/pages\/wp-json\/wp\/v2\/pages\/613","targetHints":{"allow":["GET"]}}],"collection":[{"href":"https:\/\/www.caves-tourbillon.fr\/pages\/wp-json\/wp\/v2\/pages"}],"about":[{"href":"https:\/\/www.caves-tourbillon.fr\/pages\/wp-json\/wp\/v2\/types\/page"}],"author":[{"embeddable":true,"href":"https:\/\/www.caves-tourbillon.fr\/pages\/wp-json\/wp\/v2\/users\/1"}],"replies":[{"embeddable":true,"href":"https:\/\/www.caves-tourbillon.fr\/pages\/wp-json\/wp\/v2\/comments?post=613"}],"version-history":[{"count":8,"href":"https:\/\/www.caves-tourbillon.fr\/pages\/wp-json\/wp\/v2\/pages\/613\/revisions"}],"predecessor-version":[{"id":8959,"href":"https:\/\/www.caves-tourbillon.fr\/pages\/wp-json\/wp\/v2\/pages\/613\/revisions\/8959"}],"wp:attachment":[{"href":"https:\/\/www.caves-tourbillon.fr\/pages\/wp-json\/wp\/v2\/media?parent=613"}],"wp:term":[{"taxonomy":"category","embeddable":true,"href":"https:\/\/www.caves-tourbillon.fr\/pages\/wp-json\/wp\/v2\/categories?post=613"},{"taxonomy":"post_tag","embeddable":true,"href":"https:\/\/www.caves-tourbillon.fr\/pages\/wp-json\/wp\/v2\/tags?post=613"}],"curies":[{"name":"wp","href":"https:\/\/api.w.org\/{rel}","templated":true}]}}